{"id":45372,"date":"2025-09-13T08:30:15","date_gmt":"2025-09-13T08:30:15","guid":{"rendered":"https:\/\/habibifertility.com\/?page_id=45372"},"modified":"2026-01-23T11:37:30","modified_gmt":"2026-01-23T11:37:30","slug":"free-resources","status":"publish","type":"page","link":"https:\/\/habibifertility.com\/pt\/free-resources\/","title":{"rendered":"FREE RESOURCES"},"content":{"rendered":"<div data-elementor-type=\"wp-page\" data-elementor-id=\"45372\" class=\"elementor elementor-45372\">\n\t\t\t\t<div class=\"elementor-element elementor-element-6d8bd82 e-flex e-con-boxed cmsmasters-block-default e-con e-parent\" data-id=\"6d8bd82\" data-element_type=\"container\" data-e-type=\"container\">\n\t\t\t\t\t<div class=\"e-con-inner\">\n\t\t<div class=\"elementor-element elementor-element-b002a0b e-con-full e-flex cmsmasters-block-default e-con e-child\" data-id=\"b002a0b\" data-element_type=\"container\" data-e-type=\"container\">\n\t\t<div class=\"elementor-element elementor-element-9b42eb8 e-con-full e-flex cmsmasters-block-default e-con e-child\" data-id=\"9b42eb8\" data-element_type=\"container\" data-e-type=\"container\">\n\t\t<section class=\"elementor-element elementor-element-7937688 cmsmasters-section-for-header-yes e-con-full e-flex cmsmasters-block-default e-con e-child\" data-id=\"7937688\" data-element_type=\"container\" data-e-type=\"container\" data-settings=\"{&quot;background_background&quot;:&quot;classic&quot;}\">\n\t\t\t\t<div class=\"elementor-element elementor-element-f1e35d3 elementor-widget__width-initial cmsmasters-block-default cmsmasters-sticky-default elementor-widget elementor-widget-heading\" data-id=\"f1e35d3\" data-element_type=\"widget\" data-e-type=\"widget\" data-widget_type=\"heading.default\">\n\t\t\t\t\t<h2 class=\"elementor-heading-title elementor-size-default\">FREE RESOURCES<\/h2>\t\t\t\t<\/div>\n\t\t\t\t<\/section>\n\t\t\t\t<\/div>\n\t\t\t\t<\/div>\n\t\t\t\t\t<\/div>\n\t\t\t\t<\/div>\n\t\t<div class=\"elementor-element elementor-element-9cf3c4a e-flex e-con-boxed cmsmasters-block-default e-con e-parent\" data-id=\"9cf3c4a\" data-element_type=\"container\" data-e-type=\"container\">\n\t\t\t\t\t<div class=\"e-con-inner\">\n\t\t\t\t\t<\/div>\n\t\t\t\t<\/div>\n\t\t<div class=\"elementor-element elementor-element-7528a19 e-flex e-con-boxed cmsmasters-block-default e-con e-parent\" data-id=\"7528a19\" data-element_type=\"container\" data-e-type=\"container\">\n\t\t\t\t\t<div class=\"e-con-inner\">\n\t\t\t\t<div class=\"elementor-element elementor-element-22f1953 cmsmasters-audio-type-spotify elementor-widget__width-inherit cmsmasters-block-default cmsmasters-sticky-default elementor-widget elementor-widget-cmsmasters-audio\" data-id=\"22f1953\" data-element_type=\"widget\" data-e-type=\"widget\" data-settings=\"{&quot;audio_type&quot;:&quot;spotify&quot;}\" data-widget_type=\"cmsmasters-audio.default\">\n\t\t\t\t\t<div class=\"elementor-widget-cmsmasters-audio__container\"><iframe title=\"Spotify Embed: A.MAR TALKS: O teu ciclo importa \u2014 Mitos, m\u00e9todos e escolhas informadas #01\" style=\"border-radius: 12px\" width=\"624\" height=\"351\" frameborder=\"0\" allowfullscreen allow=\"autoplay; clipboard-write; encrypted-media; fullscreen; picture-in-picture\" loading=\"lazy\" src=\"https:\/\/open.spotify.com\/embed\/episode\/31BGVtgj7t2I9UGnNexgLD\/video?si=9b9b97a2035d4925&amp;utm_source=oembed\"><\/iframe><\/div>\t\t\t\t<\/div>\n\t\t\t\t\t<\/div>\n\t\t\t\t<\/div>\n\t\t<div class=\"elementor-element elementor-element-1301bb4 e-flex e-con-boxed cmsmasters-block-default e-con e-parent\" data-id=\"1301bb4\" data-element_type=\"container\" data-e-type=\"container\">\n\t\t\t\t\t<div class=\"e-con-inner\">\n\t\t\t\t<div class=\"elementor-element elementor-element-95eb2bb cmsmasters-audio-type-spotify elementor-widget__width-inherit cmsmasters-block-default cmsmasters-sticky-default elementor-widget elementor-widget-cmsmasters-audio\" data-id=\"95eb2bb\" data-element_type=\"widget\" data-e-type=\"widget\" data-settings=\"{&quot;audio_type&quot;:&quot;spotify&quot;}\" data-widget_type=\"cmsmasters-audio.default\">\n\t\t\t\t\t<div class=\"elementor-widget-cmsmasters-audio__container\"><iframe title=\"Spotify Embed: Educa\u00e7\u00e3o menstrual: autoconhecimento, empoderamento e sa\u00fade com Sheila Habib\" style=\"border-radius: 12px\" width=\"100%\" height=\"152\" frameborder=\"0\" allowfullscreen allow=\"autoplay; clipboard-write; encrypted-media; fullscreen; picture-in-picture\" loading=\"lazy\" src=\"https:\/\/open.spotify.com\/embed\/episode\/4BMHoFNvszVct6MSjQ7lgT?si=1eb4aca067164b46&amp;utm_source=oembed\"><\/iframe><\/div>\t\t\t\t<\/div>\n\t\t\t\t\t<\/div>\n\t\t\t\t<\/div>\n\t\t<div class=\"elementor-element elementor-element-dc53306 e-flex e-con-boxed cmsmasters-block-default e-con e-parent\" data-id=\"dc53306\" data-element_type=\"container\" data-e-type=\"container\">\n\t\t\t\t\t<div class=\"e-con-inner\">\n\t\t\t\t<div class=\"elementor-element elementor-element-df1f50c cmsmasters-audio-type-spotify elementor-widget__width-inherit cmsmasters-block-default cmsmasters-sticky-default elementor-widget elementor-widget-cmsmasters-audio\" data-id=\"df1f50c\" data-element_type=\"widget\" data-e-type=\"widget\" data-settings=\"{&quot;audio_type&quot;:&quot;spotify&quot;}\" data-widget_type=\"cmsmasters-audio.default\">\n\t\t\t\t\t<div class=\"elementor-widget-cmsmasters-audio__container\"><iframe title=\"Spotify Embed: EP26 | Conversa com Sheila Habib: Fertilidade Natural\" style=\"border-radius: 12px\" width=\"100%\" height=\"152\" frameborder=\"0\" allowfullscreen allow=\"autoplay; clipboard-write; encrypted-media; fullscreen; picture-in-picture\" loading=\"lazy\" src=\"https:\/\/open.spotify.com\/embed\/episode\/1rx28IE6UFFqncoip4uh3Q?si=34e60c08f8a542ee+&amp;utm_source=oembed\"><\/iframe><\/div>\t\t\t\t<\/div>\n\t\t\t\t\t<\/div>\n\t\t\t\t<\/div>\n\t\t<div class=\"elementor-element elementor-element-aea3502 e-flex e-con-boxed cmsmasters-block-default e-con e-parent\" data-id=\"aea3502\" data-element_type=\"container\" data-e-type=\"container\">\n\t\t\t\t\t<div class=\"e-con-inner\">\n\t\t\t\t<div class=\"elementor-element elementor-element-34abe84 elementor-widget__width-initial cmsmasters-block-default cmsmasters-sticky-default elementor-widget elementor-widget-image\" data-id=\"34abe84\" data-element_type=\"widget\" data-e-type=\"widget\" data-widget_type=\"image.default\">\n\t\t\t\t\t\t\t\t\t\t\t\t\t\t\t\t<a href=\"https:\/\/habibifertility.substack.com\/\" target=\"_blank\">\n\t\t\t\t\t\t\t<img fetchpriority=\"high\" decoding=\"async\" width=\"800\" height=\"800\" src=\"https:\/\/habibifertility.com\/wp-content\/uploads\/2025\/09\/habibifertility.com-free-resources-menstrual-health-101---o-abc-da-saude-menstrual-square.jpg\" class=\"attachment-large size-large wp-image-45390\" alt=\"\" srcset=\"https:\/\/habibifertility.com\/wp-content\/uploads\/2025\/09\/habibifertility.com-free-resources-menstrual-health-101---o-abc-da-saude-menstrual-square.jpg 800w, https:\/\/habibifertility.com\/wp-content\/uploads\/2025\/09\/habibifertility.com-free-resources-menstrual-health-101---o-abc-da-saude-menstrual-square-300x300.jpg 300w, https:\/\/habibifertility.com\/wp-content\/uploads\/2025\/09\/habibifertility.com-free-resources-menstrual-health-101---o-abc-da-saude-menstrual-square-150x150.jpg 150w, https:\/\/habibifertility.com\/wp-content\/uploads\/2025\/09\/habibifertility.com-free-resources-menstrual-health-101---o-abc-da-saude-menstrual-square-768x768.jpg 768w, https:\/\/habibifertility.com\/wp-content\/uploads\/2025\/09\/habibifertility.com-free-resources-menstrual-health-101---o-abc-da-saude-menstrual-square-12x12.jpg 12w, https:\/\/habibifertility.com\/wp-content\/uploads\/2025\/09\/habibifertility.com-free-resources-menstrual-health-101---o-abc-da-saude-menstrual-square-260x260.jpg 260w\" sizes=\"(max-width: 800px) 100vw, 800px\" \/>\t\t\t\t\t\t\t\t<\/a>\n\t\t\t\t\t\t\t\t\t\t\t\t\t\t\t<\/div>\n\t\t\t\t<div class=\"elementor-element elementor-element-ec3fa11 cmsmasters-button-align-center elementor-widget__width-inherit cmsmasters-block-default cmsmasters-sticky-default elementor-widget elementor-widget-cmsmasters-button\" data-id=\"ec3fa11\" data-element_type=\"widget\" data-e-type=\"widget\" data-widget_type=\"cmsmasters-button.default\">\n\t\t\t\t\t<div class=\"elementor-widget-cmsmasters-button__button-container\"><div class=\"elementor-widget-cmsmasters-button__button-container-inner\"><a href=\"https:\/\/drive.google.com\/file\/d\/1w1F15L4MFy-F-Pohe4tewzW00hMVgq-n\/view\" target=\"_blank\" class=\"cmsmasters-button-link elementor-widget-cmsmasters-button__button cmsmasters-icon-view- cmsmasters-icon-shape- cmsmasters-button-size-xl\" role=\"button\" tabindex=\"0\"><span class=\"elementor-widget-cmsmasters-button__content-wrapper cmsmasters-align-icon-\"><span class=\"elementor-widget-cmsmasters-button__text\">PAPER CHART<\/span><\/span><\/a><\/div><\/div>\t\t\t\t<\/div>\n\t\t\t\t\t<\/div>\n\t\t\t\t<\/div>\n\t\t\t\t<\/div>","protected":false},"excerpt":{"rendered":"<p>FREE RESOURCES PAPER CHART<\/p>","protected":false},"author":3,"featured_media":0,"parent":0,"menu_order":0,"comment_status":"closed","ping_status":"closed","template":"","meta":{"footnotes":"","_links_to":"","_links_to_target":""},"class_list":["post-45372","page","type-page","status-publish","hentry"],"yoast_head":"<!-- This site is optimized with the Yoast SEO plugin v27.4 - https:\/\/yoast.com\/product\/yoast-seo-wordpress\/ -->\n<title>FREE RESOURCES - Habibi Fertility<\/title>\n<meta name=\"robots\" content=\"index, follow, max-snippet:-1, max-image-preview:large, max-video-preview:-1\" \/>\n<link rel=\"canonical\" href=\"https:\/\/habibifertility.com\/pt\/free-resources\/\" \/>\n<meta property=\"og:locale\" content=\"pt_PT\" \/>\n<meta property=\"og:type\" content=\"article\" \/>\n<meta property=\"og:title\" content=\"FREE RESOURCES - Habibi Fertility\" \/>\n<meta property=\"og:description\" content=\"FREE RESOURCES PAPER CHART\" \/>\n<meta property=\"og:url\" content=\"https:\/\/habibifertility.com\/pt\/free-resources\/\" \/>\n<meta property=\"og:site_name\" content=\"Habibi Fertility\" \/>\n<meta property=\"article:modified_time\" content=\"2026-01-23T11:37:30+00:00\" \/>\n<meta property=\"og:image\" content=\"https:\/\/habibifertility.com\/wp-content\/uploads\/2025\/09\/habibifertility.com-free-resources-menstrual-health-101---o-abc-da-saude-menstrual-square.jpg\" \/>\n\t<meta property=\"og:image:width\" content=\"800\" \/>\n\t<meta property=\"og:image:height\" content=\"800\" \/>\n\t<meta property=\"og:image:type\" content=\"image\/jpeg\" \/>\n<meta name=\"twitter:card\" content=\"summary_large_image\" \/>\n<meta name=\"twitter:label1\" content=\"Tempo estimado de leitura\" \/>\n\t<meta name=\"twitter:data1\" content=\"1 minuto\" \/>\n<script type=\"application\/ld+json\" class=\"yoast-schema-graph\">{\"@context\":\"https:\\\/\\\/schema.org\",\"@graph\":[{\"@type\":\"WebPage\",\"@id\":\"https:\\\/\\\/habibifertility.com\\\/free-resources\\\/\",\"url\":\"https:\\\/\\\/habibifertility.com\\\/free-resources\\\/\",\"name\":\"FREE RESOURCES - Habibi Fertility\",\"isPartOf\":{\"@id\":\"https:\\\/\\\/habibifertility.com\\\/#website\"},\"primaryImageOfPage\":{\"@id\":\"https:\\\/\\\/habibifertility.com\\\/free-resources\\\/#primaryimage\"},\"image\":{\"@id\":\"https:\\\/\\\/habibifertility.com\\\/free-resources\\\/#primaryimage\"},\"thumbnailUrl\":\"https:\\\/\\\/habibifertility.com\\\/wp-content\\\/uploads\\\/2025\\\/09\\\/habibifertility.com-free-resources-menstrual-health-101---o-abc-da-saude-menstrual-square.jpg\",\"datePublished\":\"2025-09-13T08:30:15+00:00\",\"dateModified\":\"2026-01-23T11:37:30+00:00\",\"breadcrumb\":{\"@id\":\"https:\\\/\\\/habibifertility.com\\\/free-resources\\\/#breadcrumb\"},\"inLanguage\":\"pt-PT\",\"potentialAction\":[{\"@type\":\"ReadAction\",\"target\":[\"https:\\\/\\\/habibifertility.com\\\/free-resources\\\/\"]}]},{\"@type\":\"ImageObject\",\"inLanguage\":\"pt-PT\",\"@id\":\"https:\\\/\\\/habibifertility.com\\\/free-resources\\\/#primaryimage\",\"url\":\"https:\\\/\\\/habibifertility.com\\\/wp-content\\\/uploads\\\/2025\\\/09\\\/habibifertility.com-free-resources-menstrual-health-101---o-abc-da-saude-menstrual-square.jpg\",\"contentUrl\":\"https:\\\/\\\/habibifertility.com\\\/wp-content\\\/uploads\\\/2025\\\/09\\\/habibifertility.com-free-resources-menstrual-health-101---o-abc-da-saude-menstrual-square.jpg\"},{\"@type\":\"BreadcrumbList\",\"@id\":\"https:\\\/\\\/habibifertility.com\\\/free-resources\\\/#breadcrumb\",\"itemListElement\":[{\"@type\":\"ListItem\",\"position\":1,\"name\":\"In\u00edcio\",\"item\":\"https:\\\/\\\/habibifertility.com\\\/\"},{\"@type\":\"ListItem\",\"position\":2,\"name\":\"FREE RESOURCES\"}]},{\"@type\":\"WebSite\",\"@id\":\"https:\\\/\\\/habibifertility.com\\\/#website\",\"url\":\"https:\\\/\\\/habibifertility.com\\\/\",\"name\":\"Habibi Fertility\",\"description\":\"This is where your body literacy journey begins.\",\"publisher\":{\"@id\":\"https:\\\/\\\/habibifertility.com\\\/#organization\"},\"potentialAction\":[{\"@type\":\"SearchAction\",\"target\":{\"@type\":\"EntryPoint\",\"urlTemplate\":\"https:\\\/\\\/habibifertility.com\\\/?s={search_term_string}\"},\"query-input\":{\"@type\":\"PropertyValueSpecification\",\"valueRequired\":true,\"valueName\":\"search_term_string\"}}],\"inLanguage\":\"pt-PT\"},{\"@type\":\"Organization\",\"@id\":\"https:\\\/\\\/habibifertility.com\\\/#organization\",\"name\":\"Habibi Fertility\",\"url\":\"https:\\\/\\\/habibifertility.com\\\/\",\"logo\":{\"@type\":\"ImageObject\",\"inLanguage\":\"pt-PT\",\"@id\":\"https:\\\/\\\/habibifertility.com\\\/#\\\/schema\\\/logo\\\/image\\\/\",\"url\":\"https:\\\/\\\/habibifertility.com\\\/wp-content\\\/uploads\\\/2025\\\/07\\\/habibi-fertility.png\",\"contentUrl\":\"https:\\\/\\\/habibifertility.com\\\/wp-content\\\/uploads\\\/2025\\\/07\\\/habibi-fertility.png\",\"width\":2521,\"height\":2520,\"caption\":\"Habibi Fertility\"},\"image\":{\"@id\":\"https:\\\/\\\/habibifertility.com\\\/#\\\/schema\\\/logo\\\/image\\\/\"},\"sameAs\":[\"https:\\\/\\\/www.instagram.com\\\/habibifertility\\\/\"]}]}<\/script>\n<!-- \/ Yoast SEO plugin. -->","yoast_head_json":{"title":"FREE RESOURCES - Habibi Fertility","robots":{"index":"index","follow":"follow","max-snippet":"max-snippet:-1","max-image-preview":"max-image-preview:large","max-video-preview":"max-video-preview:-1"},"canonical":"https:\/\/habibifertility.com\/pt\/free-resources\/","og_locale":"pt_PT","og_type":"article","og_title":"FREE RESOURCES - Habibi Fertility","og_description":"FREE RESOURCES PAPER CHART","og_url":"https:\/\/habibifertility.com\/pt\/free-resources\/","og_site_name":"Habibi Fertility","article_modified_time":"2026-01-23T11:37:30+00:00","og_image":[{"width":800,"height":800,"url":"https:\/\/habibifertility.com\/wp-content\/uploads\/2025\/09\/habibifertility.com-free-resources-menstrual-health-101---o-abc-da-saude-menstrual-square.jpg","type":"image\/jpeg"}],"twitter_card":"summary_large_image","twitter_misc":{"Tempo estimado de leitura":"1 minuto"},"schema":{"@context":"https:\/\/schema.org","@graph":[{"@type":"WebPage","@id":"https:\/\/habibifertility.com\/free-resources\/","url":"https:\/\/habibifertility.com\/free-resources\/","name":"FREE RESOURCES - Habibi Fertility","isPartOf":{"@id":"https:\/\/habibifertility.com\/#website"},"primaryImageOfPage":{"@id":"https:\/\/habibifertility.com\/free-resources\/#primaryimage"},"image":{"@id":"https:\/\/habibifertility.com\/free-resources\/#primaryimage"},"thumbnailUrl":"https:\/\/habibifertility.com\/wp-content\/uploads\/2025\/09\/habibifertility.com-free-resources-menstrual-health-101---o-abc-da-saude-menstrual-square.jpg","datePublished":"2025-09-13T08:30:15+00:00","dateModified":"2026-01-23T11:37:30+00:00","breadcrumb":{"@id":"https:\/\/habibifertility.com\/free-resources\/#breadcrumb"},"inLanguage":"pt-PT","potentialAction":[{"@type":"ReadAction","target":["https:\/\/habibifertility.com\/free-resources\/"]}]},{"@type":"ImageObject","inLanguage":"pt-PT","@id":"https:\/\/habibifertility.com\/free-resources\/#primaryimage","url":"https:\/\/habibifertility.com\/wp-content\/uploads\/2025\/09\/habibifertility.com-free-resources-menstrual-health-101---o-abc-da-saude-menstrual-square.jpg","contentUrl":"https:\/\/habibifertility.com\/wp-content\/uploads\/2025\/09\/habibifertility.com-free-resources-menstrual-health-101---o-abc-da-saude-menstrual-square.jpg"},{"@type":"BreadcrumbList","@id":"https:\/\/habibifertility.com\/free-resources\/#breadcrumb","itemListElement":[{"@type":"ListItem","position":1,"name":"In\u00edcio","item":"https:\/\/habibifertility.com\/"},{"@type":"ListItem","position":2,"name":"FREE RESOURCES"}]},{"@type":"WebSite","@id":"https:\/\/habibifertility.com\/#website","url":"https:\/\/habibifertility.com\/","name":"Habibi Fertility","description":"\u00c9 aqui que come\u00e7a a tua jornada de literacia corporal.","publisher":{"@id":"https:\/\/habibifertility.com\/#organization"},"potentialAction":[{"@type":"SearchAction","target":{"@type":"EntryPoint","urlTemplate":"https:\/\/habibifertility.com\/?s={search_term_string}"},"query-input":{"@type":"PropertyValueSpecification","valueRequired":true,"valueName":"search_term_string"}}],"inLanguage":"pt-PT"},{"@type":"Organization","@id":"https:\/\/habibifertility.com\/#organization","name":"Habibi Fertility","url":"https:\/\/habibifertility.com\/","logo":{"@type":"ImageObject","inLanguage":"pt-PT","@id":"https:\/\/habibifertility.com\/#\/schema\/logo\/image\/","url":"https:\/\/habibifertility.com\/wp-content\/uploads\/2025\/07\/habibi-fertility.png","contentUrl":"https:\/\/habibifertility.com\/wp-content\/uploads\/2025\/07\/habibi-fertility.png","width":2521,"height":2520,"caption":"Habibi Fertility"},"image":{"@id":"https:\/\/habibifertility.com\/#\/schema\/logo\/image\/"},"sameAs":["https:\/\/www.instagram.com\/habibifertility\/"]}]}},"_links":{"self":[{"href":"https:\/\/habibifertility.com\/pt\/wp-json\/wp\/v2\/pages\/45372","targetHints":{"allow":["GET"]}}],"collection":[{"href":"https:\/\/habibifertility.com\/pt\/wp-json\/wp\/v2\/pages"}],"about":[{"href":"https:\/\/habibifertility.com\/pt\/wp-json\/wp\/v2\/types\/page"}],"author":[{"embeddable":true,"href":"https:\/\/habibifertility.com\/pt\/wp-json\/wp\/v2\/users\/3"}],"replies":[{"embeddable":true,"href":"https:\/\/habibifertility.com\/pt\/wp-json\/wp\/v2\/comments?post=45372"}],"version-history":[{"count":76,"href":"https:\/\/habibifertility.com\/pt\/wp-json\/wp\/v2\/pages\/45372\/revisions"}],"predecessor-version":[{"id":46102,"href":"https:\/\/habibifertility.com\/pt\/wp-json\/wp\/v2\/pages\/45372\/revisions\/46102"}],"wp:attachment":[{"href":"https:\/\/habibifertility.com\/pt\/wp-json\/wp\/v2\/media?parent=45372"}],"curies":[{"name":"wp","href":"https:\/\/api.w.org\/{rel}","templated":true}]}}